{"id":59,"date":"2026-03-03T11:28:09","date_gmt":"2026-03-03T11:28:09","guid":{"rendered":"http:\/\/labandouliere.com\/?page_id=59"},"modified":"2026-03-20T18:04:31","modified_gmt":"2026-03-20T18:04:31","slug":"bortch-kaviar","status":"publish","type":"page","link":"https:\/\/labandouliere.com\/?page_id=59","title":{"rendered":"BORTCH KAVIAR"},"content":{"rendered":"\n<p>Issue d\u2019un folklore sans fronti\u00e8re, la l\u00e9gendaire recette du BORTCH KAVIAR emprunte ses<br>th\u00e8mes \u00e9pic\u00e9s et ses grooves enivrants aux m\u00e9lodies du monde \u2013 plut\u00f4t celui des Balkans<br>mais pas que ! Dans un m\u00e9lange d\u2019improvisations cuivr\u00e9es et de tournes endiabl\u00e9es, cinq<br>musiciens aux influences cosmopolites partent en qu\u00eate du secret de ce plat raffin\u00e9 mais<br>assur\u00e9ment populaire.<\/p>\n\n\n\n<figure class=\"wp-block-embed is-type-video is-provider-youtube wp-block-embed-youtube wp-embed-aspect-16-9 wp-has-aspect-ratio\"><div class=\"wp-block-embed__wrapper\">\n<iframe loading=\"lazy\" title=\"Forr\u00f3 Papagaio - Lawn session\" width=\"640\" height=\"360\" src=\"https:\/\/www.youtube.com\/embed\/LEr_DznixTM?feature=oembed\" frameborder=\"0\" allow=\"accelerometer; autoplay; clipboard-write; encrypted-media; gyroscope; picture-in-picture; web-share\" referrerpolicy=\"strict-origin-when-cross-origin\" allowfullscreen><\/iframe>\n<\/div><\/figure>\n\n\n\n<p><strong><mark style=\"background-color:#ec65b8\" class=\"has-inline-color has-white-color\">CONCERTS A VENIR<\/mark><\/strong><\/p>\n\n\n\n<p>08\/08\/2026 &#8211; Bistro le Cheval Blanc (42)<br>27\/06\/2026 &#8211; Festi Fanf\u2019Art de Pouilly sous Charlieu (42)<br>23-24\/05\/2026 &#8211; Festival Cirque et fanfare de Dole (39)<\/p>\n\n\n\n<p><strong><strong><mark style=\"background-color:#ec65b8\" class=\"has-inline-color has-white-color\">CONCERTS PASSES<\/mark><\/strong><\/strong><\/p>\n\n\n\n<p>08\/11\/2025 \u2013 La Coconnerie (26)<br>07\/11\/2025 \u2013 Le V\u00e9lo Rouge (26)<br>06\/08\/2025 \u2013 Festival du Monastier (43)<br>04\/08\/2025 \u2013 March\u00e9 de Billom (63)<br>10\/07\/2025 \u2013 Cuivres en Dombes (01)<br>24\/01\/2025 \u2013 To\u00ef To\u00ef (Villeurbanne 69)<br>20\/10\/2024 \u2013 Rhino jazz Festival (42)<br>06\/04\/2024 \u2013 Le Taille Crayon (Villeurbanne 69)<br>18\/11\/2023 \u2013 La Fabuleuse Cantine (Lyon 69)<br>19\/10\/2023 \u2013 La Baie des Singes (Cournon 63)<\/p>\n\n\n\n<p><\/p>\n\n\n\n<p><\/p>\n","protected":false},"excerpt":{"rendered":"<p>Issue d\u2019un folklore sans fronti\u00e8re, la l\u00e9gendaire recette du BORTCH KAVIAR emprunte sesth\u00e8mes \u00e9pic\u00e9s et ses grooves enivrants aux m\u00e9lodies du monde \u2013 plut\u00f4t celui des Balkansmais pas que ! Dans un m\u00e9lange d\u2019improvisations cuivr\u00e9es et de tournes endiabl\u00e9es, cinqmusiciens aux influences cosmopolites partent en qu\u00eate du secret de ce plat raffin\u00e9 maisassur\u00e9ment populaire. CONCERTS [&hellip;]<\/p>\n","protected":false},"author":1,"featured_media":0,"parent":0,"menu_order":0,"comment_status":"closed","ping_status":"closed","template":"","meta":{"footnotes":""},"class_list":["post-59","page","type-page","status-publish","hentry"],"_links":{"self":[{"href":"https:\/\/labandouliere.com\/index.php?rest_route=\/wp\/v2\/pages\/59","targetHints":{"allow":["GET"]}}],"collection":[{"href":"https:\/\/labandouliere.com\/index.php?rest_route=\/wp\/v2\/pages"}],"about":[{"href":"https:\/\/labandouliere.com\/index.php?rest_route=\/wp\/v2\/types\/page"}],"author":[{"embeddable":true,"href":"https:\/\/labandouliere.com\/index.php?rest_route=\/wp\/v2\/users\/1"}],"replies":[{"embeddable":true,"href":"https:\/\/labandouliere.com\/index.php?rest_route=%2Fwp%2Fv2%2Fcomments&post=59"}],"version-history":[{"count":13,"href":"https:\/\/labandouliere.com\/index.php?rest_route=\/wp\/v2\/pages\/59\/revisions"}],"predecessor-version":[{"id":114,"href":"https:\/\/labandouliere.com\/index.php?rest_route=\/wp\/v2\/pages\/59\/revisions\/114"}],"wp:attachment":[{"href":"https:\/\/labandouliere.com\/index.php?rest_route=%2Fwp%2Fv2%2Fmedia&parent=59"}],"curies":[{"name":"wp","href":"https:\/\/api.w.org\/{rel}","templated":true}]}}